{"id":1308,"date":"2023-02-22T17:41:54","date_gmt":"2023-02-22T16:41:54","guid":{"rendered":"https:\/\/swaa.101.lu\/mentions-legales\/"},"modified":"2025-01-22T16:03:57","modified_gmt":"2025-01-22T15:03:57","slug":"mentions-legales","status":"publish","type":"page","link":"https:\/\/swaa.lu\/fr\/mentions-legales\/","title":{"rendered":"Impressum"},"content":{"rendered":"<div class=\"impressum-container\">\n<h2>Mentions l\u00e9gales<\/h2>\n<h3>\u00c9diteur<\/h3>\n<p>Schemel Wirtz Architectes Associ\u00e9s S.\u00e0.r.l.<\/p>\n<p>12 rue des M\u00e9rovingiens<\/p>\n<p>L8070 Bertrange<\/p>\n<p>Tel. +352. 40 48 10<\/p>\n<p>Mail info@swaa.101.lu<\/p>\n<h3>Conception, design &amp; r\u00e9alisation<\/h3>\n<p>Werner Bohr \u2013 Agentur f\u00fcr Gestaltung<\/p>\n<p>Maximinstra\u00dfe 3<\/p>\n<p>54292 Trier<\/p>\n<p>Allemagne<\/p>\n<p>Tel. +49. 651 14 61 50<\/p>\n<p>Web www.wernerbohr.de<\/p>\n<p>Mail info@wernerbohr.de<\/p>\n<h3>Cr\u00e9dits photographiques<\/h3>\n<p>Johannes-Maria Schlorke Photographie<\/p>\n<p>Raoul Somers Photography<\/p>\n<p>Palladium Photodesign<\/p>\n<p>Studio Frank Weber<\/p>\n<p>Lorenz &amp; Thelen Menuiserie<\/p>\n<p>Kent Pell<\/p>\n<p>Alexandra Machot<\/p>\n<p>VIZ\u00c9 architectural rendering<\/p>\n<p>Schemel Wirtz Architectes Associ\u00e9s<\/p>\n<h3>Renderings<\/h3>\n<p>Grand terrain \u00e0 b\u00e2tir \u00e0 Luxembourg : VIZ\u00c9 architectural renderings<\/p>\n<p>Cloche d&rsquo;Or: VIZ\u00c9 architectural renderings<\/p>\n<p>LCO Ban de Gasperich \u2013 Ilot C: VIZ\u00c9 architectural renderings<\/p>\n<p>Bentley &amp; Lamborghini Showroom: VIZ\u00c9 architectural renderings<\/p>\n<p>Nonnewisen in Esch\/Alzette: VIZ\u00c9 architectural renderings<\/p>\n<p>BGL BNP Paribas Kirchberg: VIZ\u00c9 architectural renderings<\/p>\n<\/div>\n","protected":false},"excerpt":{"rendered":"<p>Mentions l\u00e9gales \u00c9diteur Schemel Wirtz Architectes Associ\u00e9s S.\u00e0.r.l. 12 rue des M\u00e9rovingiens L8070 Bertrange Tel. +352. 40 48 10 Mail info@swaa.101.lu Conception, design &amp; r\u00e9alisation Werner Bohr \u2013 Agentur f\u00fcr Gestaltung Maximinstra\u00dfe 3 54292 Trier Allemagne Tel. +49. 651 14 61 50 Web www.wernerbohr.de Mail info@wernerbohr.de Cr\u00e9dits photographiques Johannes-Maria Schlorke Photographie Raoul Somers Photography Palladium [&hellip;]<\/p>\n","protected":false},"author":1,"featured_media":0,"parent":0,"menu_order":4,"comment_status":"closed","ping_status":"closed","template":"impressum.php","meta":{"_acf_changed":false,"inline_featured_image":false,"footnotes":""},"class_list":["post-1308","page","type-page","status-publish","hentry"],"acf":[],"yoast_head":"<!-- This site is optimized with the Yoast SEO plugin v26.9 - https:\/\/yoast.com\/product\/yoast-seo-wordpress\/ -->\n<title>Impressum - Schemel Wirtz Architectes Associ\u00e9s<\/title>\n<meta name=\"robots\" content=\"index, follow, max-snippet:-1, max-image-preview:large, max-video-preview:-1\" \/>\n<link rel=\"canonical\" href=\"https:\/\/swaa.lu\/fr\/mentions-legales\/\" \/>\n<meta property=\"og:locale\" content=\"fr_FR\" \/>\n<meta property=\"og:type\" content=\"article\" \/>\n<meta property=\"og:title\" content=\"Impressum - Schemel Wirtz Architectes Associ\u00e9s\" \/>\n<meta property=\"og:description\" content=\"Mentions l\u00e9gales \u00c9diteur Schemel Wirtz Architectes Associ\u00e9s S.\u00e0.r.l. 12 rue des M\u00e9rovingiens L8070 Bertrange Tel. +352. 40 48 10 Mail info@swaa.101.lu Conception, design &amp; r\u00e9alisation Werner Bohr \u2013 Agentur f\u00fcr Gestaltung Maximinstra\u00dfe 3 54292 Trier Allemagne Tel. +49. 651 14 61 50 Web www.wernerbohr.de Mail info@wernerbohr.de Cr\u00e9dits photographiques Johannes-Maria Schlorke Photographie Raoul Somers Photography Palladium [&hellip;]\" \/>\n<meta property=\"og:url\" content=\"https:\/\/swaa.lu\/fr\/mentions-legales\/\" \/>\n<meta property=\"og:site_name\" content=\"Schemel Wirtz Architectes Associ\u00e9s\" \/>\n<meta property=\"article:modified_time\" content=\"2025-01-22T15:03:57+00:00\" \/>\n<meta name=\"twitter:card\" content=\"summary_large_image\" \/>\n<meta name=\"twitter:label1\" content=\"Dur\u00e9e de lecture estim\u00e9e\" \/>\n\t<meta name=\"twitter:data1\" content=\"1 minute\" \/>\n<script type=\"application\/ld+json\" class=\"yoast-schema-graph\">{\"@context\":\"https:\/\/schema.org\",\"@graph\":[{\"@type\":\"WebPage\",\"@id\":\"https:\/\/swaa.lu\/fr\/mentions-legales\/\",\"url\":\"https:\/\/swaa.lu\/fr\/mentions-legales\/\",\"name\":\"Impressum - Schemel Wirtz Architectes Associ\u00e9s\",\"isPartOf\":{\"@id\":\"https:\/\/swaa.lu\/fr\/#website\"},\"datePublished\":\"2023-02-22T16:41:54+00:00\",\"dateModified\":\"2025-01-22T15:03:57+00:00\",\"breadcrumb\":{\"@id\":\"https:\/\/swaa.lu\/fr\/mentions-legales\/#breadcrumb\"},\"inLanguage\":\"fr-FR\",\"potentialAction\":[{\"@type\":\"ReadAction\",\"target\":[\"https:\/\/swaa.lu\/fr\/mentions-legales\/\"]}]},{\"@type\":\"BreadcrumbList\",\"@id\":\"https:\/\/swaa.lu\/fr\/mentions-legales\/#breadcrumb\",\"itemListElement\":[{\"@type\":\"ListItem\",\"position\":1,\"name\":\"Startseite\",\"item\":\"https:\/\/swaa.lu\/fr\/\"},{\"@type\":\"ListItem\",\"position\":2,\"name\":\"Impressum\"}]},{\"@type\":\"WebSite\",\"@id\":\"https:\/\/swaa.lu\/fr\/#website\",\"url\":\"https:\/\/swaa.lu\/fr\/\",\"name\":\"Schemel Wirtz Architectes Associ\u00e9s\",\"description\":\"\",\"potentialAction\":[{\"@type\":\"SearchAction\",\"target\":{\"@type\":\"EntryPoint\",\"urlTemplate\":\"https:\/\/swaa.lu\/fr\/?s={search_term_string}\"},\"query-input\":{\"@type\":\"PropertyValueSpecification\",\"valueRequired\":true,\"valueName\":\"search_term_string\"}}],\"inLanguage\":\"fr-FR\"}]}<\/script>\n<!-- \/ Yoast SEO plugin. -->","yoast_head_json":{"title":"Impressum - Schemel Wirtz Architectes Associ\u00e9s","robots":{"index":"index","follow":"follow","max-snippet":"max-snippet:-1","max-image-preview":"max-image-preview:large","max-video-preview":"max-video-preview:-1"},"canonical":"https:\/\/swaa.lu\/fr\/mentions-legales\/","og_locale":"fr_FR","og_type":"article","og_title":"Impressum - Schemel Wirtz Architectes Associ\u00e9s","og_description":"Mentions l\u00e9gales \u00c9diteur Schemel Wirtz Architectes Associ\u00e9s S.\u00e0.r.l. 12 rue des M\u00e9rovingiens L8070 Bertrange Tel. +352. 40 48 10 Mail info@swaa.101.lu Conception, design &amp; r\u00e9alisation Werner Bohr \u2013 Agentur f\u00fcr Gestaltung Maximinstra\u00dfe 3 54292 Trier Allemagne Tel. +49. 651 14 61 50 Web www.wernerbohr.de Mail info@wernerbohr.de Cr\u00e9dits photographiques Johannes-Maria Schlorke Photographie Raoul Somers Photography Palladium [&hellip;]","og_url":"https:\/\/swaa.lu\/fr\/mentions-legales\/","og_site_name":"Schemel Wirtz Architectes Associ\u00e9s","article_modified_time":"2025-01-22T15:03:57+00:00","twitter_card":"summary_large_image","twitter_misc":{"Dur\u00e9e de lecture estim\u00e9e":"1 minute"},"schema":{"@context":"https:\/\/schema.org","@graph":[{"@type":"WebPage","@id":"https:\/\/swaa.lu\/fr\/mentions-legales\/","url":"https:\/\/swaa.lu\/fr\/mentions-legales\/","name":"Impressum - Schemel Wirtz Architectes Associ\u00e9s","isPartOf":{"@id":"https:\/\/swaa.lu\/fr\/#website"},"datePublished":"2023-02-22T16:41:54+00:00","dateModified":"2025-01-22T15:03:57+00:00","breadcrumb":{"@id":"https:\/\/swaa.lu\/fr\/mentions-legales\/#breadcrumb"},"inLanguage":"fr-FR","potentialAction":[{"@type":"ReadAction","target":["https:\/\/swaa.lu\/fr\/mentions-legales\/"]}]},{"@type":"BreadcrumbList","@id":"https:\/\/swaa.lu\/fr\/mentions-legales\/#breadcrumb","itemListElement":[{"@type":"ListItem","position":1,"name":"Startseite","item":"https:\/\/swaa.lu\/fr\/"},{"@type":"ListItem","position":2,"name":"Impressum"}]},{"@type":"WebSite","@id":"https:\/\/swaa.lu\/fr\/#website","url":"https:\/\/swaa.lu\/fr\/","name":"Schemel Wirtz Architectes Associ\u00e9s","description":"","potentialAction":[{"@type":"SearchAction","target":{"@type":"EntryPoint","urlTemplate":"https:\/\/swaa.lu\/fr\/?s={search_term_string}"},"query-input":{"@type":"PropertyValueSpecification","valueRequired":true,"valueName":"search_term_string"}}],"inLanguage":"fr-FR"}]}},"_links":{"self":[{"href":"https:\/\/swaa.lu\/fr\/wp-json\/wp\/v2\/pages\/1308","targetHints":{"allow":["GET"]}}],"collection":[{"href":"https:\/\/swaa.lu\/fr\/wp-json\/wp\/v2\/pages"}],"about":[{"href":"https:\/\/swaa.lu\/fr\/wp-json\/wp\/v2\/types\/page"}],"author":[{"embeddable":true,"href":"https:\/\/swaa.lu\/fr\/wp-json\/wp\/v2\/users\/1"}],"replies":[{"embeddable":true,"href":"https:\/\/swaa.lu\/fr\/wp-json\/wp\/v2\/comments?post=1308"}],"version-history":[{"count":3,"href":"https:\/\/swaa.lu\/fr\/wp-json\/wp\/v2\/pages\/1308\/revisions"}],"predecessor-version":[{"id":1668,"href":"https:\/\/swaa.lu\/fr\/wp-json\/wp\/v2\/pages\/1308\/revisions\/1668"}],"wp:attachment":[{"href":"https:\/\/swaa.lu\/fr\/wp-json\/wp\/v2\/media?parent=1308"}],"curies":[{"name":"wp","href":"https:\/\/api.w.org\/{rel}","templated":true}]}}