{"id":1102,"date":"2023-02-06T17:04:09","date_gmt":"2023-02-06T16:04:09","guid":{"rendered":"https:\/\/swaa.101.lu\/homepage\/"},"modified":"2025-02-03T10:01:38","modified_gmt":"2025-02-03T09:01:38","slug":"homepage","status":"publish","type":"page","link":"https:\/\/swaa.lu\/fr\/","title":{"rendered":"Homepage"},"content":{"rendered":"<h2>Projets<\/h2>\n<ul>\n<li id=\"all-button\" data-profile=\"Alle\">Tous les projets<\/li>\n<li data-profile=\"Oeffentlich\">Public<\/li>\n<li data-profile=\"Arbeiten\">Travail<\/li>\n<li data-profile=\"Bildung\">Enseignement<\/li>\n<li data-profile=\"Gewerbe\">Commerce<\/li>\n<li data-profile=\"Heil-Pflege\">Gu\u00e9rison &amp; soins<\/li>\n<li data-profile=\"Holzbau\">Construction bois<\/li>\n<li data-profile=\"Kunst-Kultur\">Art et culture<\/li>\n<li data-profile=\"Sonderbauten\">Constructions sp\u00e9ciales<\/li>\n<li data-profile=\"Sport-Freizeit\">Sport et loisirs<\/li>\n<li data-profile=\"Veranstaltungen\">\u00c9v\u00e9nementiel<\/li>\n<li data-profile=\"Wettbewerbe\">Concours<\/li>\n<li data-profile=\"Privat\">Priv\u00e9<\/li>\n<li data-profile=\"Wohnen-Hotels\">Habitation et hebergement<\/li>\n<li data-profile=\"Diverse\">Divers projets<\/li>\n<\/ul>\n","protected":false},"excerpt":{"rendered":"<p>Projets Tous les projets Public Travail Enseignement Commerce Gu\u00e9rison &amp; soins Construction bois Art et culture Constructions sp\u00e9ciales Sport et loisirs \u00c9v\u00e9nementiel Concours Priv\u00e9 Habitation et hebergement Divers projets<\/p>\n","protected":false},"author":1,"featured_media":0,"parent":0,"menu_order":0,"comment_status":"closed","ping_status":"closed","template":"homepage.php","meta":{"_acf_changed":false,"inline_featured_image":false,"footnotes":""},"class_list":["post-1102","page","type-page","status-publish","hentry"],"acf":[],"yoast_head":"<!-- This site is optimized with the Yoast SEO plugin v26.9 - https:\/\/yoast.com\/product\/yoast-seo-wordpress\/ -->\n<title>Homepage - Schemel Wirtz Architectes Associ\u00e9s<\/title>\n<meta name=\"robots\" content=\"index, follow, max-snippet:-1, max-image-preview:large, max-video-preview:-1\" \/>\n<link rel=\"canonical\" href=\"https:\/\/swaa.lu\/fr\/\" \/>\n<meta property=\"og:locale\" content=\"fr_FR\" \/>\n<meta property=\"og:type\" content=\"article\" \/>\n<meta property=\"og:title\" content=\"Homepage - Schemel Wirtz Architectes Associ\u00e9s\" \/>\n<meta property=\"og:description\" content=\"Projets Tous les projets Public Travail Enseignement Commerce Gu\u00e9rison &amp; soins Construction bois Art et culture Constructions sp\u00e9ciales Sport et loisirs \u00c9v\u00e9nementiel Concours Priv\u00e9 Habitation et hebergement Divers projets\" \/>\n<meta property=\"og:url\" content=\"https:\/\/swaa.lu\/fr\/\" \/>\n<meta property=\"og:site_name\" content=\"Schemel Wirtz Architectes Associ\u00e9s\" \/>\n<meta property=\"article:modified_time\" content=\"2025-02-03T09:01:38+00:00\" \/>\n<meta name=\"twitter:card\" content=\"summary_large_image\" \/>\n<meta name=\"twitter:label1\" content=\"Dur\u00e9e de lecture estim\u00e9e\" \/>\n\t<meta name=\"twitter:data1\" content=\"1 minute\" \/>\n<script type=\"application\/ld+json\" class=\"yoast-schema-graph\">{\"@context\":\"https:\/\/schema.org\",\"@graph\":[{\"@type\":\"WebPage\",\"@id\":\"https:\/\/swaa.lu\/fr\/\",\"url\":\"https:\/\/swaa.lu\/fr\/\",\"name\":\"Homepage - Schemel Wirtz Architectes Associ\u00e9s\",\"isPartOf\":{\"@id\":\"https:\/\/swaa.lu\/fr\/#website\"},\"datePublished\":\"2023-02-06T16:04:09+00:00\",\"dateModified\":\"2025-02-03T09:01:38+00:00\",\"breadcrumb\":{\"@id\":\"https:\/\/swaa.lu\/fr\/#breadcrumb\"},\"inLanguage\":\"fr-FR\",\"potentialAction\":[{\"@type\":\"ReadAction\",\"target\":[\"https:\/\/swaa.lu\/fr\/\"]}]},{\"@type\":\"BreadcrumbList\",\"@id\":\"https:\/\/swaa.lu\/fr\/#breadcrumb\",\"itemListElement\":[{\"@type\":\"ListItem\",\"position\":1,\"name\":\"Startseite\",\"item\":\"https:\/\/swaa.lu\/fr\/\"},{\"@type\":\"ListItem\",\"position\":2,\"name\":\"Homepage\"}]},{\"@type\":\"WebSite\",\"@id\":\"https:\/\/swaa.lu\/fr\/#website\",\"url\":\"https:\/\/swaa.lu\/fr\/\",\"name\":\"Schemel Wirtz Architectes Associ\u00e9s\",\"description\":\"\",\"potentialAction\":[{\"@type\":\"SearchAction\",\"target\":{\"@type\":\"EntryPoint\",\"urlTemplate\":\"https:\/\/swaa.lu\/fr\/?s={search_term_string}\"},\"query-input\":{\"@type\":\"PropertyValueSpecification\",\"valueRequired\":true,\"valueName\":\"search_term_string\"}}],\"inLanguage\":\"fr-FR\"}]}<\/script>\n<!-- \/ Yoast SEO plugin. -->","yoast_head_json":{"title":"Homepage - Schemel Wirtz Architectes Associ\u00e9s","robots":{"index":"index","follow":"follow","max-snippet":"max-snippet:-1","max-image-preview":"max-image-preview:large","max-video-preview":"max-video-preview:-1"},"canonical":"https:\/\/swaa.lu\/fr\/","og_locale":"fr_FR","og_type":"article","og_title":"Homepage - Schemel Wirtz Architectes Associ\u00e9s","og_description":"Projets Tous les projets Public Travail Enseignement Commerce Gu\u00e9rison &amp; soins Construction bois Art et culture Constructions sp\u00e9ciales Sport et loisirs \u00c9v\u00e9nementiel Concours Priv\u00e9 Habitation et hebergement Divers projets","og_url":"https:\/\/swaa.lu\/fr\/","og_site_name":"Schemel Wirtz Architectes Associ\u00e9s","article_modified_time":"2025-02-03T09:01:38+00:00","twitter_card":"summary_large_image","twitter_misc":{"Dur\u00e9e de lecture estim\u00e9e":"1 minute"},"schema":{"@context":"https:\/\/schema.org","@graph":[{"@type":"WebPage","@id":"https:\/\/swaa.lu\/fr\/","url":"https:\/\/swaa.lu\/fr\/","name":"Homepage - Schemel Wirtz Architectes Associ\u00e9s","isPartOf":{"@id":"https:\/\/swaa.lu\/fr\/#website"},"datePublished":"2023-02-06T16:04:09+00:00","dateModified":"2025-02-03T09:01:38+00:00","breadcrumb":{"@id":"https:\/\/swaa.lu\/fr\/#breadcrumb"},"inLanguage":"fr-FR","potentialAction":[{"@type":"ReadAction","target":["https:\/\/swaa.lu\/fr\/"]}]},{"@type":"BreadcrumbList","@id":"https:\/\/swaa.lu\/fr\/#breadcrumb","itemListElement":[{"@type":"ListItem","position":1,"name":"Startseite","item":"https:\/\/swaa.lu\/fr\/"},{"@type":"ListItem","position":2,"name":"Homepage"}]},{"@type":"WebSite","@id":"https:\/\/swaa.lu\/fr\/#website","url":"https:\/\/swaa.lu\/fr\/","name":"Schemel Wirtz Architectes Associ\u00e9s","description":"","potentialAction":[{"@type":"SearchAction","target":{"@type":"EntryPoint","urlTemplate":"https:\/\/swaa.lu\/fr\/?s={search_term_string}"},"query-input":{"@type":"PropertyValueSpecification","valueRequired":true,"valueName":"search_term_string"}}],"inLanguage":"fr-FR"}]}},"_links":{"self":[{"href":"https:\/\/swaa.lu\/fr\/wp-json\/wp\/v2\/pages\/1102","targetHints":{"allow":["GET"]}}],"collection":[{"href":"https:\/\/swaa.lu\/fr\/wp-json\/wp\/v2\/pages"}],"about":[{"href":"https:\/\/swaa.lu\/fr\/wp-json\/wp\/v2\/types\/page"}],"author":[{"embeddable":true,"href":"https:\/\/swaa.lu\/fr\/wp-json\/wp\/v2\/users\/1"}],"replies":[{"embeddable":true,"href":"https:\/\/swaa.lu\/fr\/wp-json\/wp\/v2\/comments?post=1102"}],"version-history":[{"count":21,"href":"https:\/\/swaa.lu\/fr\/wp-json\/wp\/v2\/pages\/1102\/revisions"}],"predecessor-version":[{"id":1803,"href":"https:\/\/swaa.lu\/fr\/wp-json\/wp\/v2\/pages\/1102\/revisions\/1803"}],"wp:attachment":[{"href":"https:\/\/swaa.lu\/fr\/wp-json\/wp\/v2\/media?parent=1102"}],"curies":[{"name":"wp","href":"https:\/\/api.w.org\/{rel}","templated":true}]}}